{"id":95,"date":"2018-06-06T16:09:09","date_gmt":"2018-06-06T14:09:09","guid":{"rendered":"http:\/\/marredecafe.ch\/?page_id=95"},"modified":"2023-11-28T15:47:45","modified_gmt":"2023-11-28T14:47:45","slug":"statuts","status":"publish","type":"page","link":"https:\/\/marredecafe.ch\/index.php\/statuts\/","title":{"rendered":"Statuts"},"content":{"rendered":"<p class=\"western\" align=\"center\"><span style=\"color: #239e23;\"><b>ASSOCIATION MARRE DE CAFE<\/b><\/span><\/p>\n<p class=\"western\" align=\"center\"><span style=\"color: #239e23;\"><b>STATUTS<\/b><\/span><\/p>\n<p class=\"western\" align=\"center\"><b>*****<\/b><\/p>\n<p><span style=\"color: #239e23;\"><strong>Art. 1 \u2013 Forme juridique, but et si\u00e8ge<\/strong><\/span><br \/>\nPar les pr\u00e9sents statuts, il est cr\u00e9\u00e9 une association \u00e0 but non lucratif, dont le nom est\u00a0:\u00a0\u00abMarre de Caf\u00e9 \u00bb, qui est r\u00e9gie par les articles 60 et suivants du Code civil suisse.<\/p>\n<p><span style=\"color: #239e23;\"><strong>Art.2 &#8211; Buts de l\u2019association<\/strong><\/span><br \/>\nL\u2019association a pour but de fournir aide et soutient aux \u00e9tudiants-es autodidactes pr\u00e9parant notamment la maturit\u00e9 f\u00e9d\u00e9rale en candidats-es libres.<\/p>\n<p><span style=\"color: #239e23;\"><strong>Art.3 &#8211; Moyens<\/strong><\/span><br \/>\nPour r\u00e9aliser ses buts, l\u2019association met \u00e0 disposition, notamment, un espace de co-working, des plateformes informatiques collaboratives et des ressources p\u00e9dagogiques. Elle d\u00e9veloppe \u00e9galement un r\u00e9seau de r\u00e9p\u00e9titeurs\/r\u00e9p\u00e9titrices b\u00e9n\u00e9voles ou r\u00e9mun\u00e9r\u00e9s\/\u00e9es.<\/p>\n<p>L\u2019association collabore avec des accompagnants-es professionnels\/lles, qui peuvent<br \/>\napporter aide et soutient notamment dans :<\/p>\n<p>&#8211; la recherche des ressources p\u00e9dagogiques adapt\u00e9es \u00e0 leur projet d\u2019\u00e9tude (supports de cours, etc.) ;<\/p>\n<p>&#8211; la d\u00e9finition de leurs objectifs (programme, rythme d\u2019\u00e9tude, etc.) ; &#8211; la recherche<br \/>\npersonnelle d\u2019une m\u00e9thodologie propre et efficiente ; &#8211; l\u2019\u00e9laboration de leur travail de maturit\u00e9;<\/p>\n<p>&#8211; l\u2019accompagnement personnel (motivation, questionnement, etc.)<br \/>\nLes modalit\u00e9s, notamment financi\u00e8res, de cet accompagnement sont r\u00e9gl\u00e9es entre l\u2019accompagnant\/e et l\u2019\u00e9tudiant\/e de fa\u00e7on ind\u00e9pendante.<\/p>\n<p><span style=\"color: #239e23;\"><strong>Art. 4 \u2013 Si\u00e8ge de l\u2019association<\/strong><\/span><br \/>\nLe si\u00e8ge de l\u2019association est dans le canton de Vaud.<\/p>\n<p><span style=\"color: #239e23;\"><strong>Art. 5 \u2013 Dur\u00e9e<\/strong><\/span><br \/>\nLa dur\u00e9e de l\u2019association est illimit\u00e9e.<\/p>\n<p><span style=\"color: #239e23;\"><strong>Art. 6 \u2013 Revenus de l\u2019association<\/strong><\/span><br \/>\nL\u2019association tire ses revenus des cotisations de ses membres, des dons, des subventions des pouvoirs publics et des produits de ses activit\u00e9s.<br \/>\nSes engagements sont garantis par ses biens, \u00e0 l\u2019exclusion de toute responsabilit\u00e9 personnelle de ses membres.<\/p>\n<p><span style=\"color: #239e23;\"><strong>Art.7 \u2013 Organisation<\/strong><\/span><br \/>\nLes organes de l\u2019association sont l\u2019assembl\u00e9e g\u00e9n\u00e9rale et le comit\u00e9.<\/p>\n<p><span style=\"color: #239e23;\"><strong>Art.8 \u2013 Adh\u00e9sion<\/strong><\/span><\/p>\n<p>Membres actifs :<\/p>\n<p>Peuvent devenir membres de l\u2019association les \u00e9tudiants-es autodidactes qui remplissent le<br \/>\nbulletin d&#8217;adh\u00e9sion, qui versent les cotisations mensuelles, et dont la candidature est<br \/>\naccept\u00e9e par le comit\u00e9.<\/p>\n<p>Membres passifs :<\/p>\n<p>Toute personne qui souhaite soutenir id\u00e9alement et financi\u00e8rement l\u2019association, ou qui<br \/>\nd\u00e9clare vouloir se d\u00e9vouer personnellement et b\u00e9n\u00e9volement \u00e0 la r\u00e9alisation de ses buts,<br \/>\npeut devenir membre de l\u2019association, si sa candidature est accept\u00e9e par le comit\u00e9.<\/p>\n<p>Proc\u00e9dure d\u2019adh\u00e9sion :<\/p>\n<p>Les demandes d\u2019adh\u00e9sion \u00e0 l\u2019association sont adress\u00e9es au comit\u00e9. Ce dernier d\u00e9cide de l\u2019admission et informe l\u2019assembl\u00e9e g\u00e9n\u00e9rale de sa d\u00e9cision.<\/p>\n<p><span style=\"color: #239e23;\"><strong>Art.9 \u2013 Perte de la qualit\u00e9 de membre<\/strong><\/span><\/p>\n<p>La qualit\u00e9 de membres se perd :<\/p>\n<p>1. Par la d\u00e9mission. Dans ce cas, la cotisation du mois reste due \u00e0 l\u2019association.<\/p>\n<p>2. Par l\u2019exclusion pour de justes motifs soit, notamment, lorsque le comportement du membre n\u2019est plus compatible avec les valeurs ou le bon fonctionnement de l\u2019association.<\/p>\n<p>L\u2019exclusion est du ressort du comit\u00e9. La personne concern\u00e9e peut recourir contre cette d\u00e9cision devant l\u2019assembl\u00e9e g\u00e9n\u00e9rale. Le non-paiement r\u00e9p\u00e9t\u00e9 des cotisations durant 6 mois entra\u00eene l\u2019exclusion de l\u2019association.<\/p>\n<h4><span style=\"color: #239e23;\"><em>Assembl\u00e9 g\u00e9n\u00e9ral :<\/em><\/span><\/h4>\n<p><span style=\"color: #239e23;\"><strong>Art.10 \u2013 En g\u00e9n\u00e9ral<\/strong><\/span><br \/>\nL\u2019assembl\u00e9e g\u00e9n\u00e9rale est l\u2019organe supr\u00eame de l\u2019association. Elle comprend tous les membres de celle-ci.<\/p>\n<p><span style=\"color: #239e23;\"><strong>Art.11 \u2013 Comp\u00e9tences<\/strong><\/span><br \/>\nLes comp\u00e9tences de l\u2019assembl\u00e9e g\u00e9n\u00e9rale sont les suivantes\u00a0; elle :<\/p>\n<p>&#8211; adopte et modifie les statuts.<\/p>\n<p>&#8211; \u00e9lit les membres du comit\u00e9.<\/p>\n<p>&#8211; \u00e9lit le\/la v\u00e9rificateur\/v\u00e9rificatrice des comptes.<\/p>\n<p>&#8211; d\u00e9termine les orientations de travail et dirige les activit\u00e9s de l\u2019association.<\/p>\n<p>&#8211; approuve les rapports, adopte les comptes, vote le budget et donne d\u00e9charge de son mandat au comit\u00e9.<\/p>\n<p>&#8211; fixe la cotisation mensuelle des membres<\/p>\n<p>&#8211; prend position sur les objets port\u00e9s \u00e0 l\u2019ordre du jour.<\/p>\n<p><span style=\"color: #239e23;\"><strong>Art.12 \u2013 Convocation<\/strong><\/span><br \/>\nLes assembl\u00e9es sont convoqu\u00e9es au moins 20 jours \u00e0 l\u2019avance par le comit\u00e9. Celui-ci peut organiser des assembl\u00e9es g\u00e9n\u00e9rales extraordinaires aussi souvent que le besoin s\u2019en fait sentir.<\/p>\n<p><span style=\"color: #239e23;\"><strong>Art.13 \u2013 Pr\u00e9sidence<\/strong><\/span><br \/>\nL\u2019assembl\u00e9e g\u00e9n\u00e9rale est pr\u00e9sid\u00e9e par le\/la pr\u00e9sident-e du comit\u00e9, cas \u00e9ch\u00e9ant l\u2019un des deux co-pr\u00e9sidents-es, ou par un autre membre du comit\u00e9 d\u00e9sign\u00e9 \u00e0 cet effet.<\/p>\n<p><span style=\"color: #239e23;\"><strong>Art.14 \u2013 Modalit\u00e9 de prise de d\u00e9cision<\/strong><\/span><br \/>\nLes d\u00e9cisions de l\u2019assembl\u00e9e g\u00e9n\u00e9rale sont prises par consentement.<\/p>\n<p><span style=\"color: #239e23;\"><strong>Art.19 \u2013 Fr\u00e9quence des assembl\u00e9es g\u00e9n\u00e9rales<\/strong><\/span><br \/>\nL\u2019assembl\u00e9e se r\u00e9unit au minimum une fois par semestre sur convocation du comit\u00e9.<\/p>\n<p><span style=\"color: #239e23;\"><strong>Art.20 \u2013 Ordre du jour<\/strong><\/span><br \/>\nL\u2019ordre du jour de cette assembl\u00e9e semestrielle (dite ordinaire) comprend au minimum :<\/p>\n<p>&#8211; le rapport du comit\u00e9 sur l\u2019activit\u00e9 de l\u2019association pendant le semestre \u00e9coul\u00e9.<\/p>\n<p>\u2013 Un \u00e9change de points de vue concernant le d\u00e9veloppement de l\u2019association.<\/p>\n<p>&#8211; Le rapport du\/de la v\u00e9rificateur\/v\u00e9rificatrice des comptes.<\/p>\n<p>&#8211; L\u2019\u00e9lection des membres du comit\u00e9 et du v\u00e9rificateur\/v\u00e9rificatrice.<\/p>\n<p>&#8211; les propositions individuelles.<\/p>\n<p>Le comit\u00e9 est tenu de porter \u00e0 l\u2019ordre du jour de l\u2019assembl\u00e9e g\u00e9n\u00e9rale (ordinaire ou extraordinaire) toute proposition d\u2019un membre pr\u00e9sent\u00e9e par \u00e9crit au moins 10 jours \u00e0 l\u2019avance.<\/p>\n<p><span style=\"color: #239e23;\"><strong>Art. 21 \u2013 Assembl\u00e9e g\u00e9n\u00e9rale extraordinaire<\/strong><\/span><br \/>\nL\u2019assembl\u00e9e g\u00e9n\u00e9rale extraordinaire se r\u00e9unit sur convocation du comit\u00e9 ou \u00e0 la demande d\u2019un cinqui\u00e8me des membres de l\u2019association.<\/p>\n<p><span style=\"color: #239e23;\"><em><strong>Comit\u00e9<\/strong><\/em><\/span><\/p>\n<p><span style=\"color: #239e23;\"><strong>Art.22 \u2013 T\u00e2ches et comp\u00e9tences<\/strong><\/span><br \/>\nLe comit\u00e9 ex\u00e9cute et applique les d\u00e9cisions de l\u2019assembl\u00e9e g\u00e9n\u00e9rale. Il conduit l\u2019association et prend toutes les mesures utiles pour que le but fix\u00e9 soit atteint.<\/p>\n<p>Il est charg\u00e9, en outre :<\/p>\n<p>-de convoquer les assembl\u00e9es g\u00e9n\u00e9rales ordinaires et extraordinaires ;<\/p>\n<p>&#8211; de prendre les d\u00e9cisions relatives \u00e0 l\u2019admission et \u00e0 la d\u00e9mission des membres ainsi qu\u2019\u00e0<br \/>\nleur exclusion \u00e9ventuelle\u00a0;<\/p>\n<p>&#8211; de veiller \u00e0 l\u2019application des statuts, de r\u00e9diger les r\u00e8glements et d\u2019administrer les biens de l\u2019association. Le comit\u00e9 statue sur tous les points qui ne sont pas express\u00e9ment r\u00e9serv\u00e9s \u00e0 l\u2019assembl\u00e9e g\u00e9n\u00e9rale.<\/p>\n<p><span style=\"color: #239e23;\"><strong>Art. 23 &#8211; Composition<\/strong><\/span><br \/>\nLe comit\u00e9 est compos\u00e9 de deux \u00e0 neuf membres, nomm\u00e9s pour 6 mois par l\u2019assembl\u00e9e g\u00e9n\u00e9rale. Ils sont r\u00e9\u00e9ligibles. Pour assurer une continuit\u00e9, l\u2019assembl\u00e9e g\u00e9n\u00e9rale ne peut pas d\u00e9cider d\u2019un renouvellement complet. Le comit\u00e9 se constitue lui-m\u00eame. Il se r\u00e9unit autant de fois que les affaires de l\u2019association l\u2019exigent.<\/p>\n<p><span style=\"color: #239e23;\"><strong>Art. 24 \u2013 Signature<\/strong><\/span><br \/>\nL\u2019association est valablement engag\u00e9e par la signature de son pr\u00e9sident et d\u2019un membre du comit\u00e9 ou, cas \u00e9ch\u00e9ant, de ses deux co-pr\u00e9sidents-es.<\/p>\n<p><span style=\"color: #239e23;\"><strong>Art. 25 \u2013 Tenue des comptes<\/strong><\/span><br \/>\nLe comit\u00e9 est responsable de la tenue des comptes de l\u2019association.<\/p>\n<p><span style=\"color: #239e23;\"><strong>Art.27 \u2013 Dissolution<\/strong><\/span><br \/>\nLa dissolution de l\u2019association est d\u00e9cid\u00e9e par l\u2019assembl\u00e9e g\u00e9n\u00e9rale par consentement.<br \/>\nL\u2019actif \u00e9ventuel sera attribu\u00e9 \u00e0 un organisme en lien avec le domaine de l\u2019\u00e9ducation.<\/p>\n<p class=\"western\" align=\"center\">*************<\/p>\n<p class=\"western\" align=\"justify\">Adoption\u00a0des statuts : 18\/09\/20<\/p>\n","protected":false},"excerpt":{"rendered":"<p>ASSOCIATION MARRE DE CAFE STATUTS ***** Art. 1 \u2013 Forme juridique, but et si\u00e8ge Par les pr\u00e9sents statuts, il est cr\u00e9\u00e9 une association \u00e0 but non lucratif, dont le nom est\u00a0:\u00a0\u00abMarre de Caf\u00e9 \u00bb, qui est r\u00e9gie par les articles 60 et suivants du Code civil suisse. Art.2 &#8211; Buts de l\u2019association L\u2019association a pour &hellip; <\/p>\n<p class=\"link-more\"><a href=\"https:\/\/marredecafe.ch\/index.php\/statuts\/\" class=\"more-link\">Continue reading<span class=\"screen-reader-text\"> &#8220;Statuts&#8221;<\/span><\/a><\/p>\n","protected":false},"author":1,"featured_media":0,"parent":0,"menu_order":0,"comment_status":"closed","ping_status":"closed","template":"","meta":{"footnotes":""},"class_list":["post-95","page","type-page","status-publish","hentry"],"_links":{"self":[{"href":"https:\/\/marredecafe.ch\/index.php\/wp-json\/wp\/v2\/pages\/95","targetHints":{"allow":["GET"]}}],"collection":[{"href":"https:\/\/marredecafe.ch\/index.php\/wp-json\/wp\/v2\/pages"}],"about":[{"href":"https:\/\/marredecafe.ch\/index.php\/wp-json\/wp\/v2\/types\/page"}],"author":[{"embeddable":true,"href":"https:\/\/marredecafe.ch\/index.php\/wp-json\/wp\/v2\/users\/1"}],"replies":[{"embeddable":true,"href":"https:\/\/marredecafe.ch\/index.php\/wp-json\/wp\/v2\/comments?post=95"}],"version-history":[{"count":6,"href":"https:\/\/marredecafe.ch\/index.php\/wp-json\/wp\/v2\/pages\/95\/revisions"}],"predecessor-version":[{"id":546,"href":"https:\/\/marredecafe.ch\/index.php\/wp-json\/wp\/v2\/pages\/95\/revisions\/546"}],"wp:attachment":[{"href":"https:\/\/marredecafe.ch\/index.php\/wp-json\/wp\/v2\/media?parent=95"}],"curies":[{"name":"wp","href":"https:\/\/api.w.org\/{rel}","templated":true}]}}