{"id":344,"date":"2021-10-27T13:16:54","date_gmt":"2021-10-27T11:16:54","guid":{"rendered":"http:\/\/marredecafe.ch\/?page_id=344"},"modified":"2023-11-28T13:52:17","modified_gmt":"2023-11-28T12:52:17","slug":"situation-du-au-covid-19","status":"publish","type":"page","link":"https:\/\/marredecafe.ch\/","title":{"rendered":"Bienvenue"},"content":{"rendered":"\n<h2 class=\"wp-block-heading\">Marre de Caf\u00e9, c&#8217;est quoi ?<\/h2>\n\n\n\n<blockquote class=\"wp-block-quote is-layout-flow wp-block-quote-is-layout-flow\">\n<blockquote class=\"wp-block-quote is-layout-flow wp-block-quote-is-layout-flow\">\n<div class=\"wp-block-group\"><div class=\"wp-block-group__inner-container is-layout-constrained wp-block-group-is-layout-constrained\">\n<div class=\"wp-block-group\"><div class=\"wp-block-group__inner-container is-layout-constrained wp-block-group-is-layout-constrained\">\n<ul class=\"wp-block-list\">\n<li>Marre de caf\u00e9 est une association lausannoise tenue par des jeunes \u00e9tudiants autodidactes, qui souhaitent apprendre autrement que sur les bancs de l\u2019\u00e9cole. C\u2019est donc une alternative au gymnase classique, qui permet \u00e0 celui qui termine les examens f\u00e9d\u00e9raux l\u2019acc\u00e8s aux UNIL et HES de son choix.<\/li>\n<\/ul>\n\n\n\n<blockquote class=\"wp-block-quote is-layout-flow wp-block-quote-is-layout-flow\">\n<p>Elle regroupe toute personne qui souhaite obtenir ce papier. Vous \u00eates donc la bienvenue ici si tel est votre objectif, que vous ayez 14 ans ou 99 ans.<\/p>\n<\/blockquote>\n<\/div><\/div>\n<\/div><\/div>\n<\/blockquote>\n<\/blockquote>\n","protected":false},"excerpt":{"rendered":"<p>Marre de Caf\u00e9, c&#8217;est quoi ?<\/p>\n","protected":false},"author":1,"featured_media":0,"parent":0,"menu_order":0,"comment_status":"closed","ping_status":"closed","template":"","meta":{"footnotes":""},"class_list":["post-344","page","type-page","status-publish","hentry"],"_links":{"self":[{"href":"https:\/\/marredecafe.ch\/index.php\/wp-json\/wp\/v2\/pages\/344","targetHints":{"allow":["GET"]}}],"collection":[{"href":"https:\/\/marredecafe.ch\/index.php\/wp-json\/wp\/v2\/pages"}],"about":[{"href":"https:\/\/marredecafe.ch\/index.php\/wp-json\/wp\/v2\/types\/page"}],"author":[{"embeddable":true,"href":"https:\/\/marredecafe.ch\/index.php\/wp-json\/wp\/v2\/users\/1"}],"replies":[{"embeddable":true,"href":"https:\/\/marredecafe.ch\/index.php\/wp-json\/wp\/v2\/comments?post=344"}],"version-history":[{"count":22,"href":"https:\/\/marredecafe.ch\/index.php\/wp-json\/wp\/v2\/pages\/344\/revisions"}],"predecessor-version":[{"id":578,"href":"https:\/\/marredecafe.ch\/index.php\/wp-json\/wp\/v2\/pages\/344\/revisions\/578"}],"wp:attachment":[{"href":"https:\/\/marredecafe.ch\/index.php\/wp-json\/wp\/v2\/media?parent=344"}],"curies":[{"name":"wp","href":"https:\/\/api.w.org\/{rel}","templated":true}]}}