{"id":31,"date":"2018-05-30T16:14:01","date_gmt":"2018-05-30T14:14:01","guid":{"rendered":"http:\/\/marredecafe.ch\/?page_id=31"},"modified":"2025-01-03T13:51:54","modified_gmt":"2025-01-03T12:51:54","slug":"une-section-de-page-daccueil","status":"publish","type":"page","link":"https:\/\/marredecafe.ch\/index.php\/une-section-de-page-daccueil\/","title":{"rendered":"Infos Utiles"},"content":{"rendered":"\n<h2 class=\"wp-block-heading\"><strong>La valeur de la maturit\u00e9 f\u00e9d\u00e9rale\u2009:<\/strong><\/h2>\n\n\n\n<p>La maturit\u00e9 f\u00e9d\u00e9rale \u00e0 la m\u00eame valeur qu\u2019une maturit\u00e9 gymnasiale.<\/p>\n\n\n\n<p>Elle vous permet d\u2019entrer dans les hautes \u00e9coles ou les \u00e9coles sup\u00e9rieures comme l\u2019universit\u00e9.<\/p>\n\n\n\n<p>Si vous avez une maturit\u00e9 professionnelle ou sp\u00e9cialis\u00e9e, il est tout \u00e0 fait possible de passer l\u2019examen compl\u00e9mentaire passerelle, un examen raccourci pour obtenir la maturit\u00e9 f\u00e9d\u00e9rale.&nbsp;<\/p>\n\n\n\n<h2 class=\"wp-block-heading\"><strong>Quand puis-je me pr\u00e9senter \u00e0 la maturit\u00e9 f\u00e9d\u00e9rale\u2009:<\/strong><\/h2>\n\n\n\n<p>Vous pouvez vous inscrire \u00e0 l\u2019examen de maturit\u00e9 f\u00e9d\u00e9rale dans l\u2019ann\u00e9e de vos 18&nbsp;ans ou plus. (il est possible de faire une demande pour passer l\u2019examen plus t\u00f4t, se renseigner aupr\u00e8s du SEFRI)&nbsp;<\/p>\n\n\n\n<h2 class=\"wp-block-heading\"><strong>Supports\u2009:&nbsp;<\/strong><\/h2>\n\n\n\n<p>Le SEFRI met \u00e0 votre disposition les directives, un document complet avec toutes les informations n\u00e9cessaires pour passer l\u2019examen, une bibliographie des livres conseill\u00e9s \u00e0 l\u2019apprentissage des diff\u00e9rentes mati\u00e8res et une liste des \u0153uvres \u00e0 lire pour les 2<sup>e<\/sup>&nbsp;partiels.<\/p>\n\n\n\n<p>Marre de caf\u00e9, propose une biblioth\u00e8que contenant une bonne partie des ouvrages utiles \u00e0 la maturit\u00e9 f\u00e9d\u00e9rale. Vous pouvez consulter le contenu dans ce document: <a href=\"https:\/\/docs.google.com\/spreadsheets\/d\/15URYj7pt_TrVPcwIFdQGwJ5qGdcKKqOFqn7JTos6F6o\/edit?usp=sharing\">https:\/\/docs.google.com\/spreadsheets\/d\/15URYj7pt_TrVPcwIFdQGwJ5qGdcKKqOFqn7JTos6F6o\/edit?usp=sharing<\/a>  <\/p>\n\n\n\n<p>Nous proposons des matus blanches pour s&#8217;exercer ainsi qu\u2019un Padlet et un Discord ou sont rassembl\u00e9s des documents, vid\u00e9os ou articles s\u00e9lectionn\u00e9s par nos membres anciens et actuels pour les g\u00e9n\u00e9rations futures.<\/p>\n\n\n\n<p>Nous vous proposons \u00e9galement un lieu pour vos r\u00e9visons, un groupe d\u2019\u00e9tude pour vous tenir compagnie ou pour vous entre aidez selon vos besoins.<\/p>\n\n\n\n<h2 class=\"wp-block-heading\"><strong>Temps\u2009:&nbsp;<\/strong><\/h2>\n\n\n\n<p>&nbsp;Le temps peut varier selon les besoins et les capacit\u00e9s de chacun.  Marre de caf\u00e9, conseille une ann\u00e9e de pr\u00e9parations par partiels.<\/p>\n\n\n\n<p> Nous pouvons vous aider \u00e0 faire un programme de r\u00e9visons adapter \u00e0 vos besoins lors d\u2019un rendez-vous individuel.<\/p>\n\n\n\n<p>Les \u00e9tudiants qui adh\u00e8rent \u00e0 Marre de caf\u00e9 b\u00e9n\u00e9ficient d\u2019une attestation d\u2019\u00e9tudes.&nbsp;<\/p>\n","protected":false},"excerpt":{"rendered":"<p>La valeur de la maturit\u00e9 f\u00e9d\u00e9rale\u2009: La maturit\u00e9 f\u00e9d\u00e9rale \u00e0 la m\u00eame valeur qu\u2019une maturit\u00e9 gymnasiale. Elle vous permet d\u2019entrer dans les hautes \u00e9coles ou les \u00e9coles sup\u00e9rieures comme l\u2019universit\u00e9. Si vous avez une maturit\u00e9 professionnelle ou sp\u00e9cialis\u00e9e, il est tout \u00e0 fait possible de passer l\u2019examen compl\u00e9mentaire passerelle, un examen raccourci pour obtenir la &hellip; <\/p>\n<p class=\"link-more\"><a href=\"https:\/\/marredecafe.ch\/index.php\/une-section-de-page-daccueil\/\" class=\"more-link\">Continue reading<span class=\"screen-reader-text\"> &#8220;Infos Utiles&#8221;<\/span><\/a><\/p>\n","protected":false},"author":1,"featured_media":0,"parent":0,"menu_order":0,"comment_status":"closed","ping_status":"closed","template":"","meta":{"footnotes":""},"class_list":["post-31","page","type-page","status-publish","hentry"],"_links":{"self":[{"href":"https:\/\/marredecafe.ch\/index.php\/wp-json\/wp\/v2\/pages\/31","targetHints":{"allow":["GET"]}}],"collection":[{"href":"https:\/\/marredecafe.ch\/index.php\/wp-json\/wp\/v2\/pages"}],"about":[{"href":"https:\/\/marredecafe.ch\/index.php\/wp-json\/wp\/v2\/types\/page"}],"author":[{"embeddable":true,"href":"https:\/\/marredecafe.ch\/index.php\/wp-json\/wp\/v2\/users\/1"}],"replies":[{"embeddable":true,"href":"https:\/\/marredecafe.ch\/index.php\/wp-json\/wp\/v2\/comments?post=31"}],"version-history":[{"count":24,"href":"https:\/\/marredecafe.ch\/index.php\/wp-json\/wp\/v2\/pages\/31\/revisions"}],"predecessor-version":[{"id":592,"href":"https:\/\/marredecafe.ch\/index.php\/wp-json\/wp\/v2\/pages\/31\/revisions\/592"}],"wp:attachment":[{"href":"https:\/\/marredecafe.ch\/index.php\/wp-json\/wp\/v2\/media?parent=31"}],"curies":[{"name":"wp","href":"https:\/\/api.w.org\/{rel}","templated":true}]}}