{"id":27,"date":"2018-05-30T16:14:00","date_gmt":"2018-05-30T14:14:00","guid":{"rendered":"http:\/\/marredecafe.ch\/?page_id=27"},"modified":"2020-10-26T18:46:45","modified_gmt":"2020-10-26T17:46:45","slug":"accueil","status":"publish","type":"page","link":"https:\/\/marredecafe.ch\/index.php\/accueil\/","title":{"rendered":"Accueil"},"content":{"rendered":"<h6 class=\"western\" align=\"justify\"><span style=\"color: #1a1a1a;\"><span style=\"font-family: Arial;\"><span style=\"font-size: medium;\">Salut camarade!<img loading=\"lazy\" decoding=\"async\" class=\"size-medium wp-image-52 alignleft\" src=\"http:\/\/marredecafe.ch\/wp-content\/uploads\/2018\/06\/Capture-d\u2019\u00e9cran-2017-02-27-\u00e0-20.19.18-300x208.png\" alt=\"\" width=\"300\" height=\"208\" srcset=\"https:\/\/marredecafe.ch\/wp-content\/uploads\/2018\/06\/Capture-d\u2019\u00e9cran-2017-02-27-\u00e0-20.19.18-300x208.png 300w, https:\/\/marredecafe.ch\/wp-content\/uploads\/2018\/06\/Capture-d\u2019\u00e9cran-2017-02-27-\u00e0-20.19.18-768x532.png 768w, https:\/\/marredecafe.ch\/wp-content\/uploads\/2018\/06\/Capture-d\u2019\u00e9cran-2017-02-27-\u00e0-20.19.18-1024x709.png 1024w, https:\/\/marredecafe.ch\/wp-content\/uploads\/2018\/06\/Capture-d\u2019\u00e9cran-2017-02-27-\u00e0-20.19.18.png 1061w\" sizes=\"auto, (max-width: 300px) 100vw, 300px\" \/><\/span><\/span><\/span><\/h6>\n<h3 class=\"western\" align=\"justify\"><span style=\"color: #1a1a1a;\"><span style=\"font-family: Arial;\"><span style=\"font-size: medium;\"><span style=\"color: #000000;\">Marre de Caf\u00e9 est une association de jeunes \u00e9tudiant.e.s r\u00e9uni.e.s autour du projet insolite et innovant d\u2019obtenir sa maturit\u00e9 en autodidacte.<\/span><\/span><\/span><\/span><\/h3>\n<h3 class=\"western\" align=\"justify\"><span style=\"color: #1a1a1a;\"><span style=\"font-family: Arial;\"><span style=\"font-size: medium;\">Beaucoup, habitu\u00e9.e.s aux milieux scolaires, s\u2019adaptent tr\u00e8s bien au gymnase, \u00e0 son univers social et aux moyens efficaces qu\u2019il offre pour passer sa maturit\u00e9. D\u2019autres, moins convaincu.e.s et assoiff\u00e9.e.s d\u2019autonomie, dont tu fais peut-\u00eatre partie, recherchent une autre voie. Marre de Caf\u00e9 s&#8217;adresse aussi au \u00e9tudiant.e.s trop \u00e2g\u00e9.e.s pour rentrer au gymnase. Elle comporte aussi des \u00e9tudiant.e.s ayant un diplome \u00e9trang\u00e9 qui ne leur suffit tout simplement pas pour continuer leurs \u00e9tudes.<\/span><\/span><\/span><\/h3>\n<h3 class=\"western\" align=\"justify\"><span style=\"color: #1a1a1a;\"><span style=\"font-family: Arial;\"><span style=\"font-size: medium;\"><span style=\"color: #000000;\">Notre association a donc pour but d\u2019accueillir toute personne qui d\u00e9sire poursuivre le chemin des \u00e9tudes. Elle est un lieu d\u2019entraide et met en r\u00e9seau les ressources n\u00e9cessaires \u00e0 ce long voyage vers la vie de jeune adulte autonome.<\/span><\/span><\/span><\/span><\/h3>\n","protected":false},"excerpt":{"rendered":"<p>Salut camarade! Marre de Caf\u00e9 est une association de jeunes \u00e9tudiant.e.s r\u00e9uni.e.s autour du projet insolite et innovant d\u2019obtenir sa maturit\u00e9 en autodidacte. Beaucoup, habitu\u00e9.e.s aux milieux scolaires, s\u2019adaptent tr\u00e8s bien au gymnase, \u00e0 son univers social et aux moyens efficaces qu\u2019il offre pour passer sa maturit\u00e9. D\u2019autres, moins convaincu.e.s et assoiff\u00e9.e.s d\u2019autonomie, dont tu &hellip; <\/p>\n<p class=\"link-more\"><a href=\"https:\/\/marredecafe.ch\/index.php\/accueil\/\" class=\"more-link\">Continue reading<span class=\"screen-reader-text\"> &#8220;Accueil&#8221;<\/span><\/a><\/p>\n","protected":false},"author":1,"featured_media":0,"parent":0,"menu_order":0,"comment_status":"closed","ping_status":"closed","template":"","meta":{"footnotes":""},"class_list":["post-27","page","type-page","status-publish","hentry"],"_links":{"self":[{"href":"https:\/\/marredecafe.ch\/index.php\/wp-json\/wp\/v2\/pages\/27","targetHints":{"allow":["GET"]}}],"collection":[{"href":"https:\/\/marredecafe.ch\/index.php\/wp-json\/wp\/v2\/pages"}],"about":[{"href":"https:\/\/marredecafe.ch\/index.php\/wp-json\/wp\/v2\/types\/page"}],"author":[{"embeddable":true,"href":"https:\/\/marredecafe.ch\/index.php\/wp-json\/wp\/v2\/users\/1"}],"replies":[{"embeddable":true,"href":"https:\/\/marredecafe.ch\/index.php\/wp-json\/wp\/v2\/comments?post=27"}],"version-history":[{"count":21,"href":"https:\/\/marredecafe.ch\/index.php\/wp-json\/wp\/v2\/pages\/27\/revisions"}],"predecessor-version":[{"id":443,"href":"https:\/\/marredecafe.ch\/index.php\/wp-json\/wp\/v2\/pages\/27\/revisions\/443"}],"wp:attachment":[{"href":"https:\/\/marredecafe.ch\/index.php\/wp-json\/wp\/v2\/media?parent=27"}],"curies":[{"name":"wp","href":"https:\/\/api.w.org\/{rel}","templated":true}]}}