{"id":267,"date":"2020-06-09T11:49:06","date_gmt":"2020-06-09T09:49:06","guid":{"rendered":"http:\/\/marredecafe.ch\/?page_id=267"},"modified":"2024-06-19T10:02:50","modified_gmt":"2024-06-19T08:02:50","slug":"fonctionnement-et-integration","status":"publish","type":"page","link":"https:\/\/marredecafe.ch\/index.php\/fonctionnement-et-integration\/","title":{"rendered":"Fonctionnement et int\u00e9gration"},"content":{"rendered":"<p align=\"left\"><span style=\"color: #3aab3a;\"><strong><span style=\"font-family: Helvetica, sans-serif;\"><span style=\"font-size: medium;\">1)\u00a0 \u00a0Bulletin d&#8217;adh\u00e9sion <\/span><\/span><\/strong><span style=\"font-family: Helvetica, sans-serif;\"><span style=\"font-size: medium;\">:<\/span><\/span><\/span><\/p>\n<p align=\"left\">Un bulletin d&#8217;adh\u00e9sion doit \u00eatre sign\u00e9, incluant une charte et une charge de 50.-<\/p>\n<p align=\"left\"><span style=\"color: #3aab3a;\"><strong><span style=\"font-family: Helvetica, sans-serif;\"><span style=\"font-size: medium;\">2)\u00a0 \u00a0Charte <\/span><\/span><\/strong><span style=\"font-family: Helvetica, sans-serif;\"><span style=\"font-size: medium;\">:<\/span><\/span><\/span><\/p>\n<p align=\"left\"><span style=\"font-family: Helvetica, sans-serif;\"><span style=\"font-size: medium;\">Une <a href=\"http:\/\/marredecafe.ch\/index.php\/charte-morale\/\" target=\"_blank\" rel=\"noopener\">charte morale<\/a> qui contient l&#8217;esprit de marre de caf\u00e9 est le contrat moral liant les participants.<\/span><\/span><\/p>\n<p align=\"left\"><span style=\"color: #3ab03a;\"><strong>3) Tarif membre :\u00a0<\/strong><\/span><\/p>\n<p>Pour devenir membre de <span style=\"color: #3ab03a;\"><strong>Marre de Caf\u00e9<\/strong><\/span>, une cotisation semestrielle de 120 CHF est requise. En tant que membre, vous aurez acc\u00e8s aux services suivants :<\/p>\n<p><strong>\u00a0Utilisation du local<\/strong> : Notre espace est \u00e0 votre disposition pour travailler dans un environnement convivial.<br \/>\n<strong>Acc\u00e8s \u00e0 la biblioth\u00e8que<\/strong> : Profitez de notre collection de livres et de revues couvrant divers sujets.<br \/>\n<strong>Consultation de documents<\/strong> : Nous mettons \u00e0 votre disposition une vaste gamme de documents utiles pour vos recherches et projets.<\/p>\n<p>Cette adh\u00e9sion est valable pour une p\u00e9riode de six mois et est renouvelable jusqu&#8217;\u00e0 ce que vous obteniez votre maturit\u00e9 f\u00e9d\u00e9rale suisse.<\/p>\n<p align=\"left\"><span style=\"font-family: Helvetica, sans-serif; color: #3aab3a;\"><span style=\"font-size: medium;\"><strong>4)<\/strong>\u00a0 \u00a0<strong>Fonctionnement<\/strong> :<\/span><\/span><\/p>\n<p align=\"left\"><span style=\"font-family: Helvetica, sans-serif;\"><span style=\"font-size: medium;\">Les participants sont libres de venir quand ils veulent aux locaux mis \u00e0 disposition, de s&#8217;organiser entre eux pour travailler ensemble via un groupe WhatsApp.\u00a0<\/span><\/span><\/p>\n<p align=\"left\">Un <a href=\"https:\/\/padlet.com\/Marredecafe\" target=\"_blank\" rel=\"noopener\">Padlet<\/a> a \u00e9t\u00e9 mis en place pour mettre en commun toutes les ressources que\u00a0chacun trouve afin que tous puisse y avoir acc\u00e8s \u00e0 tout moment sur internet.<\/p>\n<p align=\"left\"><span style=\"font-family: Helvetica, sans-serif;\"><span style=\"font-size: medium;\">Le m\u00e9nage est assur\u00e9 par les participants, qui rangent et nettoient les lieux avant de partir. Organis\u00e9 par un tableau sur place, qui assure une r\u00e9partition \u00e9quitable.<\/span><\/span><\/p>\n<p align=\"left\"><span style=\"color: #3aab3a;\"><strong>5) Inscription<\/strong> :<\/span><\/p>\n<p>Si vous souhaitez vous inscrire ou obtenir des informations sur la maturit\u00e9 f\u00e9d\u00e9rale suisse en autodidacte, contactez-nous \u00e0 l&#8217;adresse ci-dessous. M\u00eame si vous n&#8217;\u00eates pas encore s\u00fbr de vouloir vous inscrire, nous serons ravis de r\u00e9pondre \u00e0 toutes vos questions.<\/p>\n<p align=\"left\">\u00a0<a href=\"mailto:marredecafe.contact@gmail.com\">marredecafe.contact@gmail.com<\/a><\/p>\n<p align=\"left\">\n","protected":false},"excerpt":{"rendered":"<p>1)\u00a0 \u00a0Bulletin d&#8217;adh\u00e9sion : Un bulletin d&#8217;adh\u00e9sion doit \u00eatre sign\u00e9, incluant une charte et une charge de 50.- 2)\u00a0 \u00a0Charte : Une charte morale qui contient l&#8217;esprit de marre de caf\u00e9 est le contrat moral liant les participants. 3) Tarif membre :\u00a0 Pour devenir membre de Marre de Caf\u00e9, une cotisation semestrielle de 120 CHF &hellip; <\/p>\n<p class=\"link-more\"><a href=\"https:\/\/marredecafe.ch\/index.php\/fonctionnement-et-integration\/\" class=\"more-link\">Continue reading<span class=\"screen-reader-text\"> &#8220;Fonctionnement et int\u00e9gration&#8221;<\/span><\/a><\/p>\n","protected":false},"author":1,"featured_media":0,"parent":0,"menu_order":0,"comment_status":"closed","ping_status":"closed","template":"","meta":{"footnotes":""},"class_list":["post-267","page","type-page","status-publish","hentry"],"_links":{"self":[{"href":"https:\/\/marredecafe.ch\/index.php\/wp-json\/wp\/v2\/pages\/267","targetHints":{"allow":["GET"]}}],"collection":[{"href":"https:\/\/marredecafe.ch\/index.php\/wp-json\/wp\/v2\/pages"}],"about":[{"href":"https:\/\/marredecafe.ch\/index.php\/wp-json\/wp\/v2\/types\/page"}],"author":[{"embeddable":true,"href":"https:\/\/marredecafe.ch\/index.php\/wp-json\/wp\/v2\/users\/1"}],"replies":[{"embeddable":true,"href":"https:\/\/marredecafe.ch\/index.php\/wp-json\/wp\/v2\/comments?post=267"}],"version-history":[{"count":14,"href":"https:\/\/marredecafe.ch\/index.php\/wp-json\/wp\/v2\/pages\/267\/revisions"}],"predecessor-version":[{"id":581,"href":"https:\/\/marredecafe.ch\/index.php\/wp-json\/wp\/v2\/pages\/267\/revisions\/581"}],"wp:attachment":[{"href":"https:\/\/marredecafe.ch\/index.php\/wp-json\/wp\/v2\/media?parent=267"}],"curies":[{"name":"wp","href":"https:\/\/api.w.org\/{rel}","templated":true}]}}