{"id":213,"date":"2020-03-06T20:40:50","date_gmt":"2020-03-06T19:40:50","guid":{"rendered":"http:\/\/marredecafe.ch\/?page_id=213"},"modified":"2023-11-28T16:16:00","modified_gmt":"2023-11-28T15:16:00","slug":"aider","status":"publish","type":"page","link":"https:\/\/marredecafe.ch\/index.php\/aider\/","title":{"rendered":"Soutenir"},"content":{"rendered":"<p>Vous avez des connaissances dans des branches de la Maturit\u00e9 f\u00e9d\u00e9ral ? Vous souhaiteriez passer un bon moment \u00e0 transmettre vos savoirs \u00e0 des jeunes, motiv\u00e9s et avides d&#8217;apprendre ?<\/p>\n<p><span style=\"color: #289c28;\">On&nbsp;<a style=\"color: #289c28;\" href=\"http:\/\/marredecafe.ch\/wp-content\/uploads\/2020\/03\/recherche-be\u0301ne\u0301voles.pdf\">recherche des be\u0301ne\u0301voles<\/a>&nbsp;!<\/span><\/p>\n<p>Si vous avez \u00e0 coeur de nous aider mais que vous n&#8217;\u00eates pas prof, un don n&#8217;importe lequel (du mat\u00e9riel de cours, des livres, un abonnement \u00e0 une plateforme qui diffuse des savoirs, de l&#8217;argent pour soutenir nos projet&#8230;) Tout ce qui pourrais nous \u00eatre utile est la bienvenu !<\/p>\n","protected":false},"excerpt":{"rendered":"<p>Vous avez des connaissances dans des branches de la Maturit\u00e9 f\u00e9d\u00e9ral ? Vous souhaiteriez passer un bon moment \u00e0 transmettre vos savoirs \u00e0 des jeunes, motiv\u00e9s et avides d&#8217;apprendre ? On&nbsp;recherche des be\u0301ne\u0301voles&nbsp;! Si vous avez \u00e0 coeur de nous aider mais que vous n&#8217;\u00eates pas prof, un don n&#8217;importe lequel (du mat\u00e9riel de cours, &hellip; <\/p>\n<p class=\"link-more\"><a href=\"https:\/\/marredecafe.ch\/index.php\/aider\/\" class=\"more-link\">Continue reading<span class=\"screen-reader-text\"> &#8220;Soutenir&#8221;<\/span><\/a><\/p>\n","protected":false},"author":1,"featured_media":0,"parent":0,"menu_order":0,"comment_status":"closed","ping_status":"closed","template":"","meta":{"footnotes":""},"class_list":["post-213","page","type-page","status-publish","hentry"],"_links":{"self":[{"href":"https:\/\/marredecafe.ch\/index.php\/wp-json\/wp\/v2\/pages\/213","targetHints":{"allow":["GET"]}}],"collection":[{"href":"https:\/\/marredecafe.ch\/index.php\/wp-json\/wp\/v2\/pages"}],"about":[{"href":"https:\/\/marredecafe.ch\/index.php\/wp-json\/wp\/v2\/types\/page"}],"author":[{"embeddable":true,"href":"https:\/\/marredecafe.ch\/index.php\/wp-json\/wp\/v2\/users\/1"}],"replies":[{"embeddable":true,"href":"https:\/\/marredecafe.ch\/index.php\/wp-json\/wp\/v2\/comments?post=213"}],"version-history":[{"count":8,"href":"https:\/\/marredecafe.ch\/index.php\/wp-json\/wp\/v2\/pages\/213\/revisions"}],"predecessor-version":[{"id":561,"href":"https:\/\/marredecafe.ch\/index.php\/wp-json\/wp\/v2\/pages\/213\/revisions\/561"}],"wp:attachment":[{"href":"https:\/\/marredecafe.ch\/index.php\/wp-json\/wp\/v2\/media?parent=213"}],"curies":[{"name":"wp","href":"https:\/\/api.w.org\/{rel}","templated":true}]}}