{"id":118,"date":"2018-06-06T17:59:11","date_gmt":"2018-06-06T15:59:11","guid":{"rendered":"http:\/\/marredecafe.ch\/?page_id=118"},"modified":"2023-11-28T15:52:20","modified_gmt":"2023-11-28T14:52:20","slug":"lexamen-de-maturite","status":"publish","type":"page","link":"https:\/\/marredecafe.ch\/index.php\/lexamen-de-maturite\/","title":{"rendered":"L&#8217;examen de maturit\u00e9"},"content":{"rendered":"<p align=\"left\"><span style=\"color: #1da31d;\"><strong>L&#8217;examen de maturit\u00e9 info pratiques :<\/strong><\/span><\/p>\n<p align=\"left\"><span style=\"font-family: Helvetica, sans-serif;\"><span style=\"font-size: medium;\">Toute personne de 18 ans et plus peut se pr\u00e9senter \u00e0 l&#8217;examen de la maturit\u00e9 f\u00e9d\u00e9rale en candidat libre. N\u00e9anmoins il est tout de m\u00eame possible de se pr\u00e9senter aux examens si l&#8217;on est mineur en demandant une d\u00e9rogation au SEFRI.<\/span><\/span><\/p>\n<p align=\"left\"><span style=\"font-family: Helvetica, sans-serif;\"><span style=\"font-size: medium;\"> L&#8217;examen se d\u00e9roule soit en une session, soit en deux examens partiels, qui sont s\u00e9par\u00e9s l&#8217;un de l&#8217;autre par une dur\u00e9e de six mois ou d&#8217;un an (sur demande d&#8217;une d\u00e9rogation pour prolongation \u00e0 adresser \u00e9galement au SEFRI)<\/span><\/span><\/p>\n<p align=\"left\"><span style=\"font-family: Helvetica, sans-serif;\"><span style=\"font-size: medium;\">Le 1er partiel regroupe les disciplines fondamentales (sciences et histoire-g\u00e9o, ainsi qu&#8217;une discipline en option, musique ou arts visuels ; 6 mati\u00e8res). <\/span><\/span><\/p>\n<p align=\"left\"><span style=\"font-family: Helvetica, sans-serif; font-size: medium;\">Le 2eme partiel toutes les autres (Fran\u00e7ais, Anglais, Math, Allemand\/Italien [dont une en renforc\u00e9], <a href=\"http:\/\/matufederale.ch\/index.php\/option-specifique-et-option-complementaire\/\" target=\"_blank\" rel=\"noopener\">Option Sp\u00e9cifique [OS] et Option\u00a0Compl\u00e9mentaire\u00a0[OC]<\/a><\/span><\/p>\n<p align=\"left\"><span style=\"font-family: Helvetica, sans-serif;\"><span style=\"font-size: medium;\">La maturit\u00e9 f\u00e9d\u00e9rale donne le droit d&#8217;acceder \u00e0 toutes les hautes \u00e9coles ainsi que les universit\u00e9s suisses et \u00e9trang\u00e8res.<\/span><\/span><\/p>\n<p align=\"left\"><a href=\"http:\/\/matufederale.ch\" target=\"_blank\" rel=\"noopener\">Infos importantes<\/a><\/p>\n<p align=\"left\"><a href=\"https:\/\/www.sbfi.admin.ch\/sbfi\/fr\/home\/bildung\/maturite\/examen-suisse-de-maturite\/examen-suisse-de-maturite.html\" target=\"_blank\" rel=\"noopener\">Directives F\u00e9d\u00e9rales, mentions, liste des oeuvres litt\u00e9raires.<\/a><\/p>\n","protected":false},"excerpt":{"rendered":"<p>L&#8217;examen de maturit\u00e9 info pratiques : Toute personne de 18 ans et plus peut se pr\u00e9senter \u00e0 l&#8217;examen de la maturit\u00e9 f\u00e9d\u00e9rale en candidat libre. N\u00e9anmoins il est tout de m\u00eame possible de se pr\u00e9senter aux examens si l&#8217;on est mineur en demandant une d\u00e9rogation au SEFRI. L&#8217;examen se d\u00e9roule soit en une session, soit &hellip; <\/p>\n<p class=\"link-more\"><a href=\"https:\/\/marredecafe.ch\/index.php\/lexamen-de-maturite\/\" class=\"more-link\">Continue reading<span class=\"screen-reader-text\"> &#8220;L&#8217;examen de maturit\u00e9&#8221;<\/span><\/a><\/p>\n","protected":false},"author":1,"featured_media":0,"parent":0,"menu_order":0,"comment_status":"closed","ping_status":"closed","template":"","meta":{"footnotes":""},"class_list":["post-118","page","type-page","status-publish","hentry"],"_links":{"self":[{"href":"https:\/\/marredecafe.ch\/index.php\/wp-json\/wp\/v2\/pages\/118","targetHints":{"allow":["GET"]}}],"collection":[{"href":"https:\/\/marredecafe.ch\/index.php\/wp-json\/wp\/v2\/pages"}],"about":[{"href":"https:\/\/marredecafe.ch\/index.php\/wp-json\/wp\/v2\/types\/page"}],"author":[{"embeddable":true,"href":"https:\/\/marredecafe.ch\/index.php\/wp-json\/wp\/v2\/users\/1"}],"replies":[{"embeddable":true,"href":"https:\/\/marredecafe.ch\/index.php\/wp-json\/wp\/v2\/comments?post=118"}],"version-history":[{"count":7,"href":"https:\/\/marredecafe.ch\/index.php\/wp-json\/wp\/v2\/pages\/118\/revisions"}],"predecessor-version":[{"id":552,"href":"https:\/\/marredecafe.ch\/index.php\/wp-json\/wp\/v2\/pages\/118\/revisions\/552"}],"wp:attachment":[{"href":"https:\/\/marredecafe.ch\/index.php\/wp-json\/wp\/v2\/media?parent=118"}],"curies":[{"name":"wp","href":"https:\/\/api.w.org\/{rel}","templated":true}]}}