{"id":106,"date":"2018-06-06T17:47:40","date_gmt":"2018-06-06T15:47:40","guid":{"rendered":"http:\/\/marredecafe.ch\/?page_id=106"},"modified":"2023-11-28T15:51:37","modified_gmt":"2023-11-28T14:51:37","slug":"informations-completes","status":"publish","type":"page","link":"https:\/\/marredecafe.ch\/index.php\/informations-completes\/","title":{"rendered":"l&#8217;examen de maturit\u00e9"},"content":{"rendered":"\n<h2 class=\"wp-block-heading\"><strong>les premiers partiels:<\/strong><\/h2>\n\n\n\n<p>Les premiers partiels ont lieu sur 1&nbsp;semaine d\u2019examen \u00e9crit sauf pour la musique qui est une option qui demande un examen oral.<\/p>\n\n\n\n<p>Les branches sont\u2009:<\/p>\n\n\n\n<ul class=\"wp-block-list\">\n<li>Physique&nbsp;<\/li>\n\n\n\n<li>Chimie<\/li>\n\n\n\n<li>Biologie&nbsp;<\/li>\n\n\n\n<li>G\u00e9ographie&nbsp;<\/li>\n\n\n\n<li>Histoire&nbsp;<\/li>\n\n\n\n<li>Art visuel ou musique<\/li>\n<\/ul>\n\n\n\n<h2 class=\"wp-block-heading\"><strong>les deuxi\u00e8me partiels <\/strong><\/h2>\n\n\n\n<p>Apr\u00e8s les 1ers partiels, les 2\u00e8mes&nbsp;partiels doivent \u00eatre pass\u00e9e dans l\u2019ann\u00e9e qui suis.&nbsp;<\/p>\n\n\n\n<p>Les deuxi\u00e8mes partiels ont lieu sur 2&nbsp;semaines d\u2019examen \u00e9crit et oral. Il faut choisir une option sp\u00e9cifique qui se passe en un examen \u00e9crit et oral et une option compl\u00e9mentaire qui se passe lors d\u2019un examen oral uniquement. Il faut \u00e9galement r\u00e9diger un travail de maturit\u00e9. <\/p>\n\n\n\n<p>Les branches sont\u2009:<\/p>\n\n\n\n<ul class=\"wp-block-list\">\n<li>Travail de maturit\u00e9&nbsp;<\/li>\n\n\n\n<li>Math\u00e9matique&nbsp;<\/li>\n\n\n\n<li>Fran\u00e7ais<\/li>\n\n\n\n<li>langues modernes&nbsp;<\/li>\n\n\n\n<li>latin ou grecque<\/li>\n\n\n\n<li>option sp\u00e9cifique&nbsp;<\/li>\n\n\n\n<li>option compl\u00e9mentaire&nbsp;&nbsp;<\/li>\n<\/ul>\n\n\n\n<p><strong>option sp\u00e9cifique\u2009:&nbsp;<\/strong><\/p>\n\n\n\n<ul class=\"wp-block-list\">\n<li>philosophie psychologie p\u00e9dagogique&nbsp;&nbsp;<\/li>\n\n\n\n<li>\u00e9conomie et droit<\/li>\n\n\n\n<li>physique et applications des maths<\/li>\n\n\n\n<li>biologie et chimie&nbsp;<\/li>\n<\/ul>\n\n\n\n<p><strong>option compl\u00e9mentaire\u2009<\/strong>:&nbsp;<\/p>\n\n\n\n<ul class=\"wp-block-list\">\n<li>physique&nbsp;<\/li>\n\n\n\n<li>chimie&nbsp;<\/li>\n\n\n\n<li>biologie&nbsp;<\/li>\n\n\n\n<li>g\u00e9ographie&nbsp;<\/li>\n\n\n\n<li>histoire&nbsp;<\/li>\n\n\n\n<li>applications des maths<\/li>\n\n\n\n<li>psychologie \u2014 p\u00e9dagogique&nbsp;<\/li>\n\n\n\n<li>philosophie<\/li>\n\n\n\n<li>\u00e9conomie et droit <\/li>\n<\/ul>\n\n\n\n<h2 class=\"wp-block-heading\"><strong>le travail de maturit\u00e9:<\/strong><\/h2>\n\n\n\n<p>Le th\u00e8me du travail de maturit\u00e9 doit \u00eatre en lien avec les branches demand\u00e9s \u00e0 l\u2019examen,&nbsp;<\/p>\n\n\n\n<p>il y a un nombre de mots \u00e0 respecter (entre 3800 et 4200 mots) et une bibliographie \u00e0 \u00e9tablir. Il vous faudra \u00e9galement un r\u00e9f\u00e9rent qui vous aidera et vous conseillera tout au long de la r\u00e9daction de votre travail de maturit\u00e9, le travail de maturit\u00e9 doit \u00eatre rendu lors de l\u2019inscription au deuxi\u00e8me partiels.&nbsp;<\/p>\n","protected":false},"excerpt":{"rendered":"<p>les premiers partiels: Les premiers partiels ont lieu sur 1&nbsp;semaine d\u2019examen \u00e9crit sauf pour la musique qui est une option qui demande un examen oral. Les branches sont\u2009: les deuxi\u00e8me partiels Apr\u00e8s les 1ers partiels, les 2\u00e8mes&nbsp;partiels doivent \u00eatre pass\u00e9e dans l\u2019ann\u00e9e qui suis.&nbsp; Les deuxi\u00e8mes partiels ont lieu sur 2&nbsp;semaines d\u2019examen \u00e9crit et oral. &hellip; <\/p>\n<p class=\"link-more\"><a href=\"https:\/\/marredecafe.ch\/index.php\/informations-completes\/\" class=\"more-link\">Continue reading<span class=\"screen-reader-text\"> &#8220;l&#8217;examen de maturit\u00e9&#8221;<\/span><\/a><\/p>\n","protected":false},"author":1,"featured_media":0,"parent":0,"menu_order":0,"comment_status":"closed","ping_status":"closed","template":"","meta":{"footnotes":""},"class_list":["post-106","page","type-page","status-publish","hentry"],"_links":{"self":[{"href":"https:\/\/marredecafe.ch\/index.php\/wp-json\/wp\/v2\/pages\/106","targetHints":{"allow":["GET"]}}],"collection":[{"href":"https:\/\/marredecafe.ch\/index.php\/wp-json\/wp\/v2\/pages"}],"about":[{"href":"https:\/\/marredecafe.ch\/index.php\/wp-json\/wp\/v2\/types\/page"}],"author":[{"embeddable":true,"href":"https:\/\/marredecafe.ch\/index.php\/wp-json\/wp\/v2\/users\/1"}],"replies":[{"embeddable":true,"href":"https:\/\/marredecafe.ch\/index.php\/wp-json\/wp\/v2\/comments?post=106"}],"version-history":[{"count":36,"href":"https:\/\/marredecafe.ch\/index.php\/wp-json\/wp\/v2\/pages\/106\/revisions"}],"predecessor-version":[{"id":551,"href":"https:\/\/marredecafe.ch\/index.php\/wp-json\/wp\/v2\/pages\/106\/revisions\/551"}],"wp:attachment":[{"href":"https:\/\/marredecafe.ch\/index.php\/wp-json\/wp\/v2\/media?parent=106"}],"curies":[{"name":"wp","href":"https:\/\/api.w.org\/{rel}","templated":true}]}}